{"id":12,"date":"2024-08-29T15:01:46","date_gmt":"2024-08-29T15:01:46","guid":{"rendered":"https:\/\/wakaus.fi\/?page_id=12"},"modified":"2024-08-29T15:03:31","modified_gmt":"2024-08-29T15:03:31","slug":"__trashed","status":"publish","type":"page","link":"https:\/\/wakaus.fi\/","title":{"rendered":""},"content":{"rendered":"<p>[et_pb_section fb_built=&#8221;1&#8243; _builder_version=&#8221;4.27.0&#8243; _module_preset=&#8221;default&#8221; global_colors_info=&#8221;{}&#8221;][et_pb_row _builder_version=&#8221;4.27.0&#8243; _module_preset=&#8221;default&#8221; global_colors_info=&#8221;{}&#8221;][et_pb_column type=&#8221;4_4&#8243; _builder_version=&#8221;4.27.0&#8243; _module_preset=&#8221;default&#8221; global_colors_info=&#8221;{}&#8221;][et_pb_text _builder_version=&#8221;4.27.0&#8243; _module_preset=&#8221;default&#8221; global_colors_info=&#8221;{}&#8221;]<\/p>\n<p style=\"text-align: center;\">Uudet kotisivut ty\u00f6n alla!<\/p>\n<p style=\"text-align: center;\">Valmistumista odotellessa voitte k\u00e4yd\u00e4 tutustumassa toimintaamme <a href=\"https:\/\/varkaus.fi\/fi\/sivu\/wakaus-keski-savon-tilipalvelut-oy\">T\u00c4\u00c4LT\u00c4<\/a> tai <a href=\"https:\/\/www.linkedin.com\/company\/wakaus-keski-savon-tilipalvelut-oy\/\">LinkedInist\u00e4<\/a>.<\/p>\n<p>&nbsp;<\/p>\n<p>[\/et_pb_text][\/et_pb_column][\/et_pb_row][\/et_pb_section]<\/p>\n","protected":false},"excerpt":{"rendered":"<p>Uudet kotisivut ty\u00f6n alla! Valmistumista odotellessa voitte k\u00e4yd\u00e4 tutustumassa toimintaamme T\u00c4\u00c4LT\u00c4 tai LinkedInist\u00e4. &nbsp;<\/p>\n","protected":false},"author":2,"featured_media":0,"parent":0,"menu_order":0,"comment_status":"closed","ping_status":"closed","template":"","meta":{"_et_pb_use_builder":"on","_et_pb_old_content":"","_et_gb_content_width":"","footnotes":""},"class_list":["post-12","page","type-page","status-publish","hentry"],"_links":{"self":[{"href":"https:\/\/wakaus.fi\/index.php?rest_route=\/wp\/v2\/pages\/12","targetHints":{"allow":["GET"]}}],"collection":[{"href":"https:\/\/wakaus.fi\/index.php?rest_route=\/wp\/v2\/pages"}],"about":[{"href":"https:\/\/wakaus.fi\/index.php?rest_route=\/wp\/v2\/types\/page"}],"author":[{"embeddable":true,"href":"https:\/\/wakaus.fi\/index.php?rest_route=\/wp\/v2\/users\/2"}],"replies":[{"embeddable":true,"href":"https:\/\/wakaus.fi\/index.php?rest_route=%2Fwp%2Fv2%2Fcomments&post=12"}],"version-history":[{"count":3,"href":"https:\/\/wakaus.fi\/index.php?rest_route=\/wp\/v2\/pages\/12\/revisions"}],"predecessor-version":[{"id":33,"href":"https:\/\/wakaus.fi\/index.php?rest_route=\/wp\/v2\/pages\/12\/revisions\/33"}],"wp:attachment":[{"href":"https:\/\/wakaus.fi\/index.php?rest_route=%2Fwp%2Fv2%2Fmedia&parent=12"}],"curies":[{"name":"wp","href":"https:\/\/api.w.org\/{rel}","templated":true}]}}